{"id":2,"date":"2025-10-01T09:10:48","date_gmt":"2025-10-01T09:10:48","guid":{"rendered":"https:\/\/camino.gaida.de\/?page_id=2"},"modified":"2025-10-21T20:47:40","modified_gmt":"2025-10-21T20:47:40","slug":"sample-page","status":"publish","type":"page","link":"https:\/\/camino.gaida.de\/","title":{"rendered":"Buen Camino!"},"content":{"rendered":"\r\n<figure id=\"attachment_121\" aria-describedby=\"caption-attachment-121\" style=\"width: 474px\" class=\"wp-caption alignright\"><img loading=\"lazy\" decoding=\"async\" class=\"wp-image-121\" src=\"https:\/\/camino.gaida.de\/wp-content\/uploads\/2025\/10\/Bildschirmfoto-2025-10-21-um-22.44.57.png\" alt=\"\" width=\"474\" height=\"304\" srcset=\"https:\/\/camino.gaida.de\/wp-content\/uploads\/2025\/10\/Bildschirmfoto-2025-10-21-um-22.44.57.png 1012w, https:\/\/camino.gaida.de\/wp-content\/uploads\/2025\/10\/Bildschirmfoto-2025-10-21-um-22.44.57-300x192.png 300w, https:\/\/camino.gaida.de\/wp-content\/uploads\/2025\/10\/Bildschirmfoto-2025-10-21-um-22.44.57-768x493.png 768w\" sizes=\"auto, (max-width: 474px) 100vw, 474px\" \/><figcaption id=\"caption-attachment-121\" class=\"wp-caption-text\">(Screenshot aus dem Spiel)<\/figcaption><\/figure>\r\n<p>Willkommen auf dem Virtuellen Jakobsweg<\/p>\r\n\r\n\r\n\r\n<p>Erlebe die Faszination des Jakobswegs \u2013 bequem von zu Hause aus.<br \/>Mit\u00a0<strong><a href=\"https:\/\/wordpress.org\/plugins\/adventurebook\/\" target=\"_blank\" rel=\"noreferrer noopener\">Adventurebook<\/a><\/strong> (die technische Grundlage dieser Webseite)\u00a0kannst du den ber\u00fchmten Pilgerpfad digital erkunden, von Ort zu Ort wandern, historische St\u00e4tten entdecken und dich inspirieren lassen von der jahrhundertealten Geschichte des Pilgerns.<\/p>\r\n\r\n\r\n\r\n<p>Auf deinem Weg sammelst du\u00a0<strong>M\u00fcnzen<\/strong>\u00a0\u2013 die W\u00e4hrung der Pilger \u2013 und erh\u00e4ltst\u00a0<strong>digitale Stempel<\/strong>\u00a0f\u00fcr die Orte, die du besuchst. Jeder Abschnitt des Weges birgt neue Eindr\u00fccke, spannende Informationen und kleine \u00dcberraschungen.<br \/>Das Wegenetz w\u00e4chst stetig weiter: durch Feedback der Mitpilger, neue Orte, Sehensw\u00fcrdigkeiten und Geschichten.<\/p>\r\n\r\n\r\n\r\n<p>Registriere dich kostenlos, um deine pers\u00f6nliche Pilgerreise zu beginnen.<br \/>Es werden\u00a0<strong><a href=\"https:\/\/camino.gaida.de\/?page_id=35\" data-type=\"page\" data-id=\"35\">keine personenbezogenen Daten<\/a> au\u00dfer deiner E-Mail-Adresse<\/strong>\u00a0gespeichert \u2013 und selbstverst\u00e4ndlich erh\u00e4ltst du\u00a0<strong>keine Werbung oder Newsletter<\/strong>.<br \/>Deine Anmeldung dient ausschlie\u00dflich dazu, deinen Fortschritt und deine gesammelten Muscheln und Stempel sicher zu speichern.<\/p>\r\n\r\n\r\n\r\n<p>Mach dich auf den Weg \u2013 dein digitales Pilgerabenteuer wartet!<br \/><strong><a href=\"https:\/\/camino.gaida.de\/?page_id=55\" data-type=\"page\" data-id=\"55\">Beginne jetzt deine Reise auf dem Virtuellen Jakobsweg<\/a>.<\/strong><\/p>\r\n\r\n\r\n\r\n<p>&nbsp;<\/p>\r\n","protected":false},"excerpt":{"rendered":"<p>Willkommen auf dem Virtuellen Jakobsweg Erlebe die Faszination des Jakobswegs \u2013 bequem von zu Hause aus.Mit\u00a0Adventurebook (die technische Grundlage dieser Webseite)\u00a0kannst du den ber\u00fchmten Pilgerpfad digital erkunden, von Ort zu Ort wandern, historische St\u00e4tten entdecken und dich inspirieren lassen von der jahrhundertealten Geschichte des Pilgerns. Auf deinem Weg sammelst du\u00a0M\u00fcnzen\u00a0\u2013 die W\u00e4hrung der Pilger \u2013 [&hellip;]<\/p>\n","protected":false},"author":1,"featured_media":0,"parent":0,"menu_order":0,"comment_status":"closed","ping_status":"open","template":"","meta":{"footnotes":""},"class_list":["post-2","page","type-page","status-publish","hentry"],"_links":{"self":[{"href":"https:\/\/camino.gaida.de\/index.php?rest_route=\/wp\/v2\/pages\/2","targetHints":{"allow":["GET"]}}],"collection":[{"href":"https:\/\/camino.gaida.de\/index.php?rest_route=\/wp\/v2\/pages"}],"about":[{"href":"https:\/\/camino.gaida.de\/index.php?rest_route=\/wp\/v2\/types\/page"}],"author":[{"embeddable":true,"href":"https:\/\/camino.gaida.de\/index.php?rest_route=\/wp\/v2\/users\/1"}],"replies":[{"embeddable":true,"href":"https:\/\/camino.gaida.de\/index.php?rest_route=%2Fwp%2Fv2%2Fcomments&post=2"}],"version-history":[{"count":10,"href":"https:\/\/camino.gaida.de\/index.php?rest_route=\/wp\/v2\/pages\/2\/revisions"}],"predecessor-version":[{"id":125,"href":"https:\/\/camino.gaida.de\/index.php?rest_route=\/wp\/v2\/pages\/2\/revisions\/125"}],"wp:attachment":[{"href":"https:\/\/camino.gaida.de\/index.php?rest_route=%2Fwp%2Fv2%2Fmedia&parent=2"}],"curies":[{"name":"wp","href":"https:\/\/api.w.org\/{rel}","templated":true}]}}